{"id":610,"date":"2025-11-18T16:11:48","date_gmt":"2025-11-18T16:11:48","guid":{"rendered":"https:\/\/elasticsuite.io\/fr\/?page_id=610"},"modified":"2025-12-22T10:58:57","modified_gmt":"2025-12-22T10:58:57","slug":"mentions-legales","status":"publish","type":"page","link":"https:\/\/elasticsuite.io\/fr\/mentions-legales\/","title":{"rendered":"Mentions l\u00e9gales"},"content":{"rendered":"\n<div class=\"wp-block-group alignfull relative overflow-hidden bg-indigo-dark text-neutral-50 pt-20 min-h-[480px] is-layout-flow wp-block-group-is-layout-flow\"><!-- wp:elasticsuite\/decorator-section-banner-simple [] -->\n<div class=\"absolute inset-0\">\n    <div class=\"max-lg:hidden absolute rounded-full w-[3791px] h-[1654px] -top-[487px] -left-1\/20\"\n         style=\"background: radial-gradient(50% 50% at 50% 50%, #9E98F4 0%, #4A3BDD 40%, rgba(26, 15, 77, 0) 95%, transparent 100%)\">\n    <\/div>\n\n    <div\n            class=\"lg:hidden absolute rounded-full bg-no-repeat w-[3791px] h-[1654px] top-[-227px] left-[-578px]\"\n            style=\"background: radial-gradient(50% 50% at 50% 50%, #9E98F4 0%, #4A3BDD 40%, rgba(26, 15, 77, 0) 95%, transparent 100%)\">\n    <\/div>\n\n    <svg\n            data-parallax\n            data-parallax-start=\"top bottom\"\n            data-parallax-end=\"bottom top\"\n            data-parallax-scrub=\"1.5\"\n            data-parallax-x-percent=\"0\"\n            data-parallax-y-percent=\"0\"\n            data-parallax-rotate=\"-10\"\n            data-parallax-speed=\"10\"\n            viewBox=\"0 0 200 200\" class=\"invisible absolute w-80 h-80 bottom-[-200px] right-[100px] fill-indigo-mid\">\n        <use xlink:href=\"#shape__flower\"><\/use>\n    <\/svg>\n\n    <svg\n            data-parallax\n            data-parallax-start=\"top bottom\"\n            data-parallax-end=\"bottom top\"\n            data-parallax-scrub=\"1.5\"\n            data-parallax-x-percent=\"0\"\n            data-parallax-y-percent=\"0\"\n            data-parallax-rotate=\"30\"\n            data-parallax-speed=\"10\"\n            viewBox=\"0 0 200 200\" class=\"invisible absolute w-96 h-96 bottom-[-150px] right-[-100px] fill-elastic-coral\">\n        <use xlink:href=\"#shape__flower-2\"><\/use>\n    <\/svg>\n\n    <svg\n            data-parallax\n            data-parallax-start=\"top bottom\"\n            data-parallax-end=\"bottom top\"\n            data-parallax-scrub=\"2\"\n            data-parallax-x-percent=\"5\"\n            data-parallax-y-percent=\"-3\"\n            data-parallax-rotate=\"-2\"\n            data-parallax-speed=\"10\"\n            viewBox=\"0 0 200 200\" class=\"invisible max-lg:hidden absolute h-[436px] top-[39px] left-[-250px] fill-indigo-dark\">\n        <use xlink:href=\"#shape__wave\"><\/use>\n    <\/svg>\n<\/div>\n<!-- \/wp:elasticsuite\/decorator-section-banner-simple -->\n\n\n\n<div class=\"wp-block-columns relative z-10 flex flex-row px-(--es-spacing-sm) pt-(--es-spacing-lg) pb-(--es-spacing-xl) lg:px-(--es-spacing-lg) lg:pt-(--es-spacing-2xl) lg:pb-(--es-spacing-3xl) is-layout-flex wp-container-core-columns-is-layout-28f84493 wp-block-columns-is-layout-flex\">\n<div class=\"wp-block-column is-vertically-aligned-center is-layout-flow wp-block-column-is-layout-flow\"><!-- wp:elasticsuite\/card {\"theme\":\"light\",\"showSectionTitle\":false,\"sectionTitle\":\"Company\",\"title\":\"Mentions l\u00e9gales\",\"titleTag\":\"h1\",\"showParagraph\":false,\"showCtas\":false,\"isAnimated\":false,\"alignment\":\"left\",\"showTitle\":true,\"paragraph\":\"Lorem ipsum dolor sit amet, consectetur adipiscing elit. Curabitur tempor, nunc sit amet vulputate laoreet, risus diam eleifend tellus, placerat mollis risus magna at diam. Sed diam magna, iaculis sit amet ex a, rutrum interdum ligula. Maecenas venenatis eleifend nulla, id commodo mauris mollis at. Nulla facilisi.\\n Integer eget malesuada purus. Morbi placerat felis ut dapibus egestas. Nunc bibendum, purus sit amet placerat feugiat, tellus ligula vehicula massa, a sagittis elit quam at libero. Vestibulum vulputate placerat eros, ac lacinia dolor rhoncus sit amet\",\"cta\":\"\",\"readmore\":\"\"} -->\n\n<div class=\"esCard flex flex-col text-left wp-block-elasticsuite-card\" data-animated=\"\">\n    \n            <h1 class=\"esCard__title font-bold text-2xl leading-12 lg:es-typo-3xl mt-(--es-spacing-sm) lg:mt-(--es-spacing-xs) break-keep [&amp;_*]:break-keep hyphens-none text-neutral-50\">Mentions l\u00e9gales<\/h1>\n    \n    \n    \n    <\/div><!-- \/wp:elasticsuite\/card -->\n<\/div>\n\n\n\n<div class=\"wp-block-column is-layout-flow wp-block-column-is-layout-flow\"><\/div>\n<\/div>\n\n\n\n<div class=\"wp-block-columns absolute! bottom-0 left-0 w-full z-10 flex flex-row px-(--es-spacing-sm) lg:px-(--es-spacing-lg) py-(--es-spacing-sm) is-layout-flex wp-container-core-columns-is-layout-28f84493 wp-block-columns-is-layout-flex\">\n<div class=\"wp-block-column is-layout-flow wp-block-column-is-layout-flow\"><!-- wp:elasticsuite\/breadcrumb {\"theme\":\"dark\"} -->\n<nav class=\"esBreadcrumb\" aria-label=\"Fil d'Ariane\">\n        <ol class=\"flex flex-wrap gap-(--es-spacing-xxs))\">\n                            <li class=\"flex items-center font-mono text-sm text-indigo-light\">\n                                                                <span aria-current=\"page\" class=\"*:w-6 *:h-6 *:fill-indigo-light\"><svg viewBox=\"0 0 24 24\"><use xlink:href=\"#filled__home\"><\/use><\/svg><\/span>\n                                    <\/li>\n                    <\/ol>\n    <\/nav>\n<!-- \/wp:elasticsuite\/breadcrumb -->\n<\/div>\n<\/div>\n<\/div>\n\n\n\n<div style=\"background-image:url(&apos;\/sample-image\/grid\/desktop-min.png&apos;);background-repeat:repeat-y;background-size:initial;\" class=\"wp-block-group alignfull relative bg-neutral-100 bg-repeat-y bg-center border-b-neutral-200 border-b-1 overflow-hidden is-layout-constrained wp-block-group-is-layout-constrained has-background\">\n<p><\/p>\n<\/div>\n\n\n\n<div style=\"background-image:url(&apos;\/sample-image\/grid\/desktop-min.png&apos;);background-repeat:repeat-y;background-size:initial;\" class=\"wp-block-group alignfull relative bg-neutral-100 bg-repeat-y bg-center border-b-neutral-200 border-b-1 overflow-hidden is-layout-constrained wp-block-group-is-layout-constrained has-background\">\n<div class=\"wp-block-group max-w-7xl mx-auto px-(--es-spacing-md) py-(--es-spacing-2xl) lg:px-(--es-spacing-none) is-layout-flow wp-block-group-is-layout-flow\">\n<h2 class=\"wp-block-heading text-neutral-900 font-bold text-[38px] leading-12 md:px-(--es-spacing-2xl) lg:px-[200px]\">Mentions l\u00e9gales<\/h2>\n\n\n\n<div style=\"height:32px\" aria-hidden=\"true\" class=\"wp-block-spacer\"><\/div>\n\n\n\n<p class=\"text-neutral-900 font-normal text-[19px] leading-7 md:px-(--es-spacing-2xl) lg:px-[200px] has-lg-font-size\">Elastic Suite est une marque d\u00e9pos\u00e9e de SMILE.<\/p>\n\n\n\n<p class=\"text-neutral-900 font-normal text-[19px] leading-7 md:px-(--es-spacing-2xl) lg:px-[200px] has-lg-font-size\">Gally est une marque d\u00e9pos\u00e9e de SMILE.<\/p>\n\n\n\n<p><\/p>\n\n\n\n<div style=\"height:16px\" aria-hidden=\"true\" class=\"wp-block-spacer\"><\/div>\n\n\n\n<p class=\"text-neutral-900 font-normal text-[19px] leading-7 md:px-(--es-spacing-2xl) lg:px-[200px]\">Smile \u2013 1er int\u00e9grateur fran\u00e7ais et europ\u00e9en de solutions Open source.<\/p>\n\n\n\n<div style=\"height:16px\" aria-hidden=\"true\" class=\"wp-block-spacer\"><\/div>\n\n\n\n<p class=\"text-neutral-900 font-normal text-[19px] leading-7 md:px-(--es-spacing-2xl) lg:px-[200px]\">Elastic Suite et Gally, Si\u00e8ge social : 163 Quai du Docteur Derveaux<\/p>\n\n\n\n<p class=\"text-neutral-900 font-normal text-[19px] leading-7 md:px-(--es-spacing-2xl) lg:px-[200px]\">92665 Asni\u00e8res-sur-Seine<\/p>\n\n\n\n<p class=\"text-neutral-900 font-normal text-[19px] leading-7 md:px-(--es-spacing-2xl) lg:px-[200px]\">Num\u00e9ro de t\u00e9l\u00e9phone : 01 41 40 11 00 <\/p>\n\n\n\n<p class=\"text-neutral-900 font-normal text-[19px] leading-7 md:px-(--es-spacing-2xl) lg:px-[200px]\">Site web : www.smile.eu<\/p>\n\n\n\n<div style=\"height:16px\" aria-hidden=\"true\" class=\"wp-block-spacer\"><\/div>\n\n\n\n<p class=\"text-neutral-900 font-normal text-[19px] leading-7 md:px-(--es-spacing-2xl) lg:px-[200px]\">Pr\u00e9sident du directoire : Marc Palazon <\/p>\n\n\n\n<p class=\"text-neutral-900 font-normal text-[19px] leading-7 md:px-(--es-spacing-2xl) lg:px-[200px]\">Directrice de la publication : Rapha\u00e8le Hayart<\/p>\n\n\n\n<div style=\"height:16px\" aria-hidden=\"true\" class=\"wp-block-spacer\"><\/div>\n\n\n\n<p class=\"text-neutral-900 font-normal text-[19px] leading-7 md:px-(--es-spacing-2xl) lg:px-[200px]\">Capital social : 814 314,88\u20ac <\/p>\n\n\n\n<p class=\"text-neutral-900 font-normal text-[19px] leading-7 md:px-(--es-spacing-2xl) lg:px-[200px]\">Adresse du si\u00e8ge social : 163 Quai du Docteur Derveaux, <\/p>\n\n\n\n<p class=\"text-neutral-900 font-normal text-[19px] leading-7 md:px-(--es-spacing-2xl) lg:px-[200px]\">92665 Asni\u00e8res-sur-Seine<\/p>\n\n\n\n<div style=\"height:32px\" aria-hidden=\"true\" class=\"wp-block-spacer\"><\/div>\n\n\n\n<div style=\"height:16px\" aria-hidden=\"true\" class=\"wp-block-spacer\"><\/div>\n\n\n\n<div style=\"height:32px\" aria-hidden=\"true\" class=\"wp-block-spacer\"><\/div>\n\n\n\n<div style=\"height:16px\" aria-hidden=\"true\" class=\"wp-block-spacer\"><\/div>\n<\/div>\n<\/div>\n","protected":false},"excerpt":{"rendered":"<p>Mentions l\u00e9gales Elastic Suite est une marque d\u00e9pos\u00e9e de SMILE. Gally est une marque d\u00e9pos\u00e9e de SMILE. Smile \u2013 1er int\u00e9grateur fran\u00e7ais et europ\u00e9en de solutions Open source. Elastic Suite et Gally, Si\u00e8ge social : 163 Quai du Docteur Derveaux 92665 Asni\u00e8res-sur-Seine Num\u00e9ro de t\u00e9l\u00e9phone : 01 41 40 11 00 Site web : www.smile.eu &hellip; <a href=\"https:\/\/elasticsuite.io\/fr\/mentions-legales\/\">Continued<\/a><\/p>\n","protected":false},"author":3,"featured_media":0,"parent":0,"menu_order":100,"comment_status":"closed","ping_status":"closed","template":"","meta":{"footnotes":""},"class_list":["post-610","page","type-page","status-publish","hentry"],"yoast_head":"<!-- This site is optimized with the Yoast SEO plugin v27.0 - https:\/\/yoast.com\/product\/yoast-seo-wordpress\/ -->\n<title>Mentions l\u00e9gales - Elasticsuite | FR<\/title>\n<meta name=\"robots\" content=\"index, follow, max-snippet:-1, max-image-preview:large, max-video-preview:-1\" \/>\n<link rel=\"canonical\" href=\"https:\/\/elasticsuite.io\/fr\/mentions-legales\/\" \/>\n<meta property=\"og:locale\" content=\"fr_FR\" \/>\n<meta property=\"og:type\" content=\"article\" \/>\n<meta property=\"og:title\" content=\"Mentions l\u00e9gales - Elasticsuite | FR\" \/>\n<meta property=\"og:description\" content=\"Mentions l\u00e9gales Elastic Suite est une marque d\u00e9pos\u00e9e de SMILE. Gally est une marque d\u00e9pos\u00e9e de SMILE. Smile \u2013 1er int\u00e9grateur fran\u00e7ais et europ\u00e9en de solutions Open source. Elastic Suite et Gally, Si\u00e8ge social : 163 Quai du Docteur Derveaux 92665 Asni\u00e8res-sur-Seine Num\u00e9ro de t\u00e9l\u00e9phone : 01 41 40 11 00 Site web : www.smile.eu &hellip; Continued\" \/>\n<meta property=\"og:url\" content=\"https:\/\/elasticsuite.io\/fr\/mentions-legales\/\" \/>\n<meta property=\"og:site_name\" content=\"Elasticsuite | FR\" \/>\n<meta property=\"article:modified_time\" content=\"2025-12-22T10:58:57+00:00\" \/>\n<meta name=\"twitter:card\" content=\"summary_large_image\" \/>\n<meta name=\"twitter:label1\" content=\"Est. reading time\" \/>\n\t<meta name=\"twitter:data1\" content=\"1 minute\" \/>\n<script type=\"application\/ld+json\" class=\"yoast-schema-graph\">{\"@context\":\"https:\/\/schema.org\",\"@graph\":[{\"@type\":\"WebPage\",\"@id\":\"https:\/\/elasticsuite.io\/fr\/mentions-legales\/\",\"url\":\"https:\/\/elasticsuite.io\/fr\/mentions-legales\/\",\"name\":\"Mentions l\u00e9gales - Elasticsuite | FR\",\"isPartOf\":{\"@id\":\"https:\/\/elasticsuite.io\/fr\/#website\"},\"datePublished\":\"2025-11-18T16:11:48+00:00\",\"dateModified\":\"2025-12-22T10:58:57+00:00\",\"breadcrumb\":{\"@id\":\"https:\/\/elasticsuite.io\/fr\/mentions-legales\/#breadcrumb\"},\"inLanguage\":\"fr-FR\",\"potentialAction\":[{\"@type\":\"ReadAction\",\"target\":[\"https:\/\/elasticsuite.io\/fr\/mentions-legales\/\"]}]},{\"@type\":\"BreadcrumbList\",\"@id\":\"https:\/\/elasticsuite.io\/fr\/mentions-legales\/#breadcrumb\",\"itemListElement\":[{\"@type\":\"ListItem\",\"position\":1,\"name\":\"Home\",\"item\":\"https:\/\/elasticsuite.io\/fr\/\"},{\"@type\":\"ListItem\",\"position\":2,\"name\":\"Mentions l\u00e9gales\"}]},{\"@type\":\"WebSite\",\"@id\":\"https:\/\/elasticsuite.io\/fr\/#website\",\"url\":\"https:\/\/elasticsuite.io\/fr\/\",\"name\":\"Elasticsuite | FR\",\"description\":\"\",\"potentialAction\":[{\"@type\":\"SearchAction\",\"target\":{\"@type\":\"EntryPoint\",\"urlTemplate\":\"https:\/\/elasticsuite.io\/fr\/?s={search_term_string}\"},\"query-input\":{\"@type\":\"PropertyValueSpecification\",\"valueRequired\":true,\"valueName\":\"search_term_string\"}}],\"inLanguage\":\"fr-FR\"}]}<\/script>\n<!-- \/ Yoast SEO plugin. -->","yoast_head_json":{"title":"Mentions l\u00e9gales - Elasticsuite | FR","robots":{"index":"index","follow":"follow","max-snippet":"max-snippet:-1","max-image-preview":"max-image-preview:large","max-video-preview":"max-video-preview:-1"},"canonical":"https:\/\/elasticsuite.io\/fr\/mentions-legales\/","og_locale":"fr_FR","og_type":"article","og_title":"Mentions l\u00e9gales - Elasticsuite | FR","og_description":"Mentions l\u00e9gales Elastic Suite est une marque d\u00e9pos\u00e9e de SMILE. Gally est une marque d\u00e9pos\u00e9e de SMILE. Smile \u2013 1er int\u00e9grateur fran\u00e7ais et europ\u00e9en de solutions Open source. Elastic Suite et Gally, Si\u00e8ge social : 163 Quai du Docteur Derveaux 92665 Asni\u00e8res-sur-Seine Num\u00e9ro de t\u00e9l\u00e9phone : 01 41 40 11 00 Site web : www.smile.eu &hellip; Continued","og_url":"https:\/\/elasticsuite.io\/fr\/mentions-legales\/","og_site_name":"Elasticsuite | FR","article_modified_time":"2025-12-22T10:58:57+00:00","twitter_card":"summary_large_image","twitter_misc":{"Est. reading time":"1 minute"},"schema":{"@context":"https:\/\/schema.org","@graph":[{"@type":"WebPage","@id":"https:\/\/elasticsuite.io\/fr\/mentions-legales\/","url":"https:\/\/elasticsuite.io\/fr\/mentions-legales\/","name":"Mentions l\u00e9gales - Elasticsuite | FR","isPartOf":{"@id":"https:\/\/elasticsuite.io\/fr\/#website"},"datePublished":"2025-11-18T16:11:48+00:00","dateModified":"2025-12-22T10:58:57+00:00","breadcrumb":{"@id":"https:\/\/elasticsuite.io\/fr\/mentions-legales\/#breadcrumb"},"inLanguage":"fr-FR","potentialAction":[{"@type":"ReadAction","target":["https:\/\/elasticsuite.io\/fr\/mentions-legales\/"]}]},{"@type":"BreadcrumbList","@id":"https:\/\/elasticsuite.io\/fr\/mentions-legales\/#breadcrumb","itemListElement":[{"@type":"ListItem","position":1,"name":"Home","item":"https:\/\/elasticsuite.io\/fr\/"},{"@type":"ListItem","position":2,"name":"Mentions l\u00e9gales"}]},{"@type":"WebSite","@id":"https:\/\/elasticsuite.io\/fr\/#website","url":"https:\/\/elasticsuite.io\/fr\/","name":"Elasticsuite | FR","description":"","potentialAction":[{"@type":"SearchAction","target":{"@type":"EntryPoint","urlTemplate":"https:\/\/elasticsuite.io\/fr\/?s={search_term_string}"},"query-input":{"@type":"PropertyValueSpecification","valueRequired":true,"valueName":"search_term_string"}}],"inLanguage":"fr-FR"}]}},"_links":{"self":[{"href":"https:\/\/elasticsuite.io\/fr\/wp-json\/wp\/v2\/pages\/610","targetHints":{"allow":["GET"]}}],"collection":[{"href":"https:\/\/elasticsuite.io\/fr\/wp-json\/wp\/v2\/pages"}],"about":[{"href":"https:\/\/elasticsuite.io\/fr\/wp-json\/wp\/v2\/types\/page"}],"author":[{"embeddable":true,"href":"https:\/\/elasticsuite.io\/fr\/wp-json\/wp\/v2\/users\/3"}],"replies":[{"embeddable":true,"href":"https:\/\/elasticsuite.io\/fr\/wp-json\/wp\/v2\/comments?post=610"}],"version-history":[{"count":13,"href":"https:\/\/elasticsuite.io\/fr\/wp-json\/wp\/v2\/pages\/610\/revisions"}],"predecessor-version":[{"id":1829,"href":"https:\/\/elasticsuite.io\/fr\/wp-json\/wp\/v2\/pages\/610\/revisions\/1829"}],"wp:attachment":[{"href":"https:\/\/elasticsuite.io\/fr\/wp-json\/wp\/v2\/media?parent=610"}],"curies":[{"name":"wp","href":"https:\/\/api.w.org\/{rel}","templated":true}]}}