{"id":647,"date":"2025-11-19T11:03:41","date_gmt":"2025-11-19T11:03:41","guid":{"rendered":"https:\/\/elasticsuite.io\/fr\/?page_id=647"},"modified":"2025-12-22T10:59:02","modified_gmt":"2025-12-22T10:59:02","slug":"politique-de-confidentialite","status":"publish","type":"page","link":"https:\/\/elasticsuite.io\/fr\/politique-de-confidentialite\/","title":{"rendered":"Politique de Confidentialit\u00e9"},"content":{"rendered":"\n<div class=\"wp-block-group alignfull relative overflow-hidden bg-indigo-dark text-neutral-50 pt-20 min-h-[480px] is-layout-flow wp-block-group-is-layout-flow\"><!-- wp:elasticsuite\/decorator-section-banner-simple [] -->\n<div class=\"absolute inset-0\">\n    <div class=\"max-lg:hidden absolute rounded-full w-[3791px] h-[1654px] -top-[487px] -left-1\/20\"\n         style=\"background: radial-gradient(50% 50% at 50% 50%, #9E98F4 0%, #4A3BDD 40%, rgba(26, 15, 77, 0) 95%, transparent 100%)\">\n    <\/div>\n\n    <div\n            class=\"lg:hidden absolute rounded-full bg-no-repeat w-[3791px] h-[1654px] top-[-227px] left-[-578px]\"\n            style=\"background: radial-gradient(50% 50% at 50% 50%, #9E98F4 0%, #4A3BDD 40%, rgba(26, 15, 77, 0) 95%, transparent 100%)\">\n    <\/div>\n\n    <svg\n            data-parallax\n            data-parallax-start=\"top bottom\"\n            data-parallax-end=\"bottom top\"\n            data-parallax-scrub=\"1.5\"\n            data-parallax-x-percent=\"0\"\n            data-parallax-y-percent=\"0\"\n            data-parallax-rotate=\"-10\"\n            data-parallax-speed=\"10\"\n            viewBox=\"0 0 200 200\" class=\"invisible absolute w-80 h-80 bottom-[-200px] right-[100px] fill-indigo-mid\">\n        <use xlink:href=\"#shape__flower\"><\/use>\n    <\/svg>\n\n    <svg\n            data-parallax\n            data-parallax-start=\"top bottom\"\n            data-parallax-end=\"bottom top\"\n            data-parallax-scrub=\"1.5\"\n            data-parallax-x-percent=\"0\"\n            data-parallax-y-percent=\"0\"\n            data-parallax-rotate=\"30\"\n            data-parallax-speed=\"10\"\n            viewBox=\"0 0 200 200\" class=\"invisible absolute w-96 h-96 bottom-[-150px] right-[-100px] fill-elastic-coral\">\n        <use xlink:href=\"#shape__flower-2\"><\/use>\n    <\/svg>\n\n    <svg\n            data-parallax\n            data-parallax-start=\"top bottom\"\n            data-parallax-end=\"bottom top\"\n            data-parallax-scrub=\"2\"\n            data-parallax-x-percent=\"5\"\n            data-parallax-y-percent=\"-3\"\n            data-parallax-rotate=\"-2\"\n            data-parallax-speed=\"10\"\n            viewBox=\"0 0 200 200\" class=\"invisible max-lg:hidden absolute h-[436px] top-[39px] left-[-250px] fill-indigo-dark\">\n        <use xlink:href=\"#shape__wave\"><\/use>\n    <\/svg>\n<\/div>\n<!-- \/wp:elasticsuite\/decorator-section-banner-simple -->\n\n\n\n<div class=\"wp-block-columns relative z-10 flex flex-row px-(--es-spacing-sm) pt-(--es-spacing-lg) pb-(--es-spacing-xl) lg:px-(--es-spacing-lg) lg:pt-(--es-spacing-2xl) lg:pb-(--es-spacing-3xl) is-layout-flex wp-container-core-columns-is-layout-28f84493 wp-block-columns-is-layout-flex\">\n<div class=\"wp-block-column is-vertically-aligned-center is-layout-flow wp-block-column-is-layout-flow\"><!-- wp:elasticsuite\/card {\"theme\":\"light\",\"showSectionTitle\":false,\"sectionTitle\":\"Company\",\"title\":\"Politique de Confidentialit\u00e9\",\"showParagraph\":false,\"showCtas\":false,\"isAnimated\":false,\"alignment\":\"left\",\"showTitle\":true,\"titleTag\":\"h3\",\"paragraph\":\"Lorem ipsum dolor sit amet, consectetur adipiscing elit. Curabitur tempor, nunc sit amet vulputate laoreet, risus diam eleifend tellus, placerat mollis risus magna at diam. Sed diam magna, iaculis sit amet ex a, rutrum interdum ligula. Maecenas venenatis eleifend nulla, id commodo mauris mollis at. Nulla facilisi.\\n Integer eget malesuada purus. Morbi placerat felis ut dapibus egestas. Nunc bibendum, purus sit amet placerat feugiat, tellus ligula vehicula massa, a sagittis elit quam at libero. Vestibulum vulputate placerat eros, ac lacinia dolor rhoncus sit amet\",\"cta\":\"\",\"readmore\":\"\"} -->\n\n<div class=\"esCard flex flex-col text-left wp-block-elasticsuite-card\" data-animated=\"\">\n    \n            <h3 class=\"esCard__title font-bold text-2xl leading-12 lg:es-typo-3xl mt-(--es-spacing-sm) lg:mt-(--es-spacing-xs) break-keep [&amp;_*]:break-keep hyphens-none text-neutral-50\">Politique de Confidentialit\u00e9<\/h3>\n    \n    \n    \n    <\/div><!-- \/wp:elasticsuite\/card -->\n<\/div>\n\n\n\n<div class=\"wp-block-column is-layout-flow wp-block-column-is-layout-flow\"><\/div>\n<\/div>\n\n\n\n<div class=\"wp-block-columns absolute! bottom-0 left-0 w-full z-10 flex flex-row px-(--es-spacing-sm) lg:px-(--es-spacing-lg) py-(--es-spacing-sm) is-layout-flex wp-container-core-columns-is-layout-28f84493 wp-block-columns-is-layout-flex\">\n<div class=\"wp-block-column is-layout-flow wp-block-column-is-layout-flow\"><!-- wp:elasticsuite\/breadcrumb {\"theme\":\"dark\"} -->\n<nav class=\"esBreadcrumb\" aria-label=\"Fil d'Ariane\">\n        <ol class=\"flex flex-wrap gap-(--es-spacing-xxs))\">\n                            <li class=\"flex items-center font-mono text-sm text-indigo-light\">\n                                                                <span aria-current=\"page\" class=\"*:w-6 *:h-6 *:fill-indigo-light\"><svg viewBox=\"0 0 24 24\"><use xlink:href=\"#filled__home\"><\/use><\/svg><\/span>\n                                    <\/li>\n                    <\/ol>\n    <\/nav>\n<!-- \/wp:elasticsuite\/breadcrumb -->\n<\/div>\n<\/div>\n<\/div>\n\n\n\n<div style=\"background-image:url(&apos;\/sample-image\/grid\/desktop-min.png&apos;);background-repeat:repeat-y;background-size:initial;\" class=\"wp-block-group alignfull relative bg-neutral-100 bg-repeat-y bg-center border-b-neutral-200 border-b-1 overflow-hidden is-layout-constrained wp-block-group-is-layout-constrained has-background\">\n<div class=\"wp-block-group max-w-7xl mx-auto px-(--es-spacing-md) py-(--es-spacing-2xl) lg:px-(--es-spacing-none) is-layout-flow wp-block-group-is-layout-flow\">\n<h2 class=\"wp-block-heading text-neutral-900 font-bold text-[38px] leading-12 md:px-(--es-spacing-2xl) lg:px-[200px]\">Politique de Confidentialit\u00e9<\/h2>\n\n\n\n<div style=\"height:32px\" aria-hidden=\"true\" class=\"wp-block-spacer\"><\/div>\n\n\n\n<p><\/p>\n\n\n\n<div style=\"height:16px\" aria-hidden=\"true\" class=\"wp-block-spacer\"><\/div>\n\n\n\n<p class=\"text-neutral-900 font-normal text-[19px] leading-7 md:px-(--es-spacing-2xl) lg:px-[200px]\"><\/p>\n\n\n\n<p><\/p>\n\n\n\n<p>Le Groupe Smile s&rsquo;engage pleinement \u00e0 prot\u00e9ger votre vie priv\u00e9e et \u00e0 respecter vos d\u00e9cisions. Le Groupe Smile met donc tout en \u0153uvre pour se conformer aux obligations du R\u00e8glement G\u00e9n\u00e9ral sur la Protection des Donn\u00e9es (RGPD).<\/p>\n\n\n\n<div style=\"height:16px\" aria-hidden=\"true\" class=\"wp-block-spacer\"><\/div>\n\n\n\n<p>En visitant le site web ELASTICSUITE.IO, vous acceptez qu&rsquo;ELASTICSUITE.IO puisse collecter, traiter et utiliser les informations personnelles comme indiqu\u00e9 ci-dessous.<\/p>\n\n\n\n<div style=\"height:16px\" aria-hidden=\"true\" class=\"wp-block-spacer\"><\/div>\n\n\n\n<div style=\"height:0px\" aria-hidden=\"true\" class=\"wp-block-spacer\"><\/div>\n\n\n\n<h2 class=\"wp-block-heading has-lg-font-size\">Responsable du Traitement<\/h2>\n\n\n\n<div style=\"height:16px\" aria-hidden=\"true\" class=\"wp-block-spacer\"><\/div>\n\n\n\n<p>Tout traitement d&rsquo;informations personnelles fournies \u00e0 ELASTICSUITE.IO est effectu\u00e9 sous la responsabilit\u00e9 du <strong>Groupe SMILE<\/strong>, dont le si\u00e8ge social est situ\u00e9 au <strong>163 Quai du Dr. Dervaux 92600 Asni\u00e8res sur Seine<\/strong>.<\/p>\n\n\n\n<div style=\"height:16px\" aria-hidden=\"true\" class=\"wp-block-spacer\"><\/div>\n\n\n\n<h2 class=\"wp-block-heading\">Quelles informations client sont collect\u00e9es par ELASTICSUITE.IO ?<\/h2>\n\n\n\n<div style=\"height:16px\" aria-hidden=\"true\" class=\"wp-block-spacer\"><\/div>\n\n\n\n<p>Nous collectons deux types d&rsquo;informations lors d&rsquo;une visite sur un site web du Groupe Smile :<\/p>\n\n\n\n<div style=\"height:16px\" aria-hidden=\"true\" class=\"wp-block-spacer\"><\/div>\n\n\n\n<ol start=\"1\" class=\"wp-block-list\">\n<li>1. <strong>Donn\u00e9es personnelles fournies volontairement par les visiteurs lors :<\/strong>\n<ul class=\"wp-block-list\">\n<li>&#8211; D&rsquo;une demande d&rsquo;informations compl\u00e9mentaires, d&rsquo;un premier contact.<\/li>\n\n\n\n<li>&#8211; Du t\u00e9l\u00e9chargement de mat\u00e9riel (ex : Livres blancs).<\/li>\n\n\n\n<li>&#8211; De l&rsquo;inscription \u00e0 un \u00e9v\u00e9nement.<\/li>\n\n\n\n<li>&#8211; Du d\u00e9p\u00f4t d&rsquo;un commentaire.<\/li>\n<\/ul>\n<\/li>\n\n\n\n<li>2. <strong>Statistiques du site web :<\/strong>\n<ul class=\"wp-block-list\">\n<li>&#8211; Elles soutiennent l&rsquo;optimisation de notre site web.<\/li>\n\n\n\n<li>&#8211; Elles comprennent les adresses IP (montrant la connexion r\u00e9seau), les pages visit\u00e9es et le parcours suivi sur notre site web.<\/li>\n\n\n\n<li>&#8211; Nous pouvons enregistrer des donn\u00e9es telles que le navigateur et le syst\u00e8me d&rsquo;exploitation que vous utilisez, <strong>mais nous ne pouvons pas vous identifier personnellement<\/strong>.<\/li>\n<\/ul>\n<\/li>\n<\/ol>\n\n\n\n<div style=\"height:16px\" aria-hidden=\"true\" class=\"wp-block-spacer\"><\/div>\n\n\n\n<h4 class=\"wp-block-heading\">Stockage et Utilisation<\/h4>\n\n\n\n<div style=\"height:16px\" aria-hidden=\"true\" class=\"wp-block-spacer\"><\/div>\n\n\n\n<ul class=\"wp-block-list\">\n<li>&#8211; Si vous d\u00e9cidez de nous fournir volontairement des informations personnelles, elles seront stock\u00e9es dans notre <strong>base de donn\u00e9es s\u00e9curis\u00e9e<\/strong> au si\u00e8ge de notre soci\u00e9t\u00e9, o\u00f9 des proc\u00e9dures de protection appropri\u00e9es sont en place.<\/li>\n\n\n\n<li>&#8211; Les donn\u00e9es saisies ne peuvent \u00eatre consult\u00e9es que par des personnes autoris\u00e9es au sein de la soci\u00e9t\u00e9 Smile, qui sont en charge du site web, des op\u00e9rations de support et de l&rsquo;h\u00e9bergement.<\/li>\n\n\n\n<li>&#8211; Les informations fournies sont stock\u00e9es et utilis\u00e9es <strong>uniquement aux fins que vous avez approuv\u00e9es<\/strong>.<\/li>\n\n\n\n<li>&#8211; Nous vous rappelons que nous ne partageons pas les informations de contact avec d&rsquo;autres organismes tiers.<\/li>\n<\/ul>\n\n\n\n<div style=\"height:16px\" aria-hidden=\"true\" class=\"wp-block-spacer\"><\/div>\n\n\n\n<h3 class=\"wp-block-heading has-lg-font-size\">Qu&rsquo;en est-il des cookies ?<\/h3>\n\n\n\n<div style=\"height:16px\" aria-hidden=\"true\" class=\"wp-block-spacer\"><\/div>\n\n\n\n<p>Un cookie est un fichier texte qui peut \u00eatre enregistr\u00e9, sous r\u00e9serve de vos choix, dans un espace d\u00e9di\u00e9 du disque dur de votre terminal (ordinateur, tablette, etc.) lorsque vous consultez un service en ligne.<\/p>\n\n\n\n<div style=\"height:16px\" aria-hidden=\"true\" class=\"wp-block-spacer\"><\/div>\n\n\n\n<ul class=\"wp-block-list\">\n<li>&#8211; Un nom d&rsquo;utilisateur anonyme est attribu\u00e9 \u00e0 chaque cookie. Un cookie ne peut \u00eatre rattach\u00e9 \u00e0 une personne physique.<\/li>\n\n\n\n<li>&#8211; <strong>Les cookies que nous utilisons le plus souvent sont :<\/strong> Google Analytics, Widgets LinkedIn, Badge Twitter, Bouton Twitter.<\/li>\n\n\n\n<li>&#8211; <strong>Expiration :<\/strong> Les cookies expirent au plus tard <strong>24 mois<\/strong> apr\u00e8s avoir \u00e9t\u00e9 install\u00e9s.<\/li>\n\n\n\n<li>&#8211; <strong>Vos choix :<\/strong> Si vous refusez l&rsquo;installation de cookies, vous pouvez configurer votre navigateur pour les limiter ou les exclure.<\/li>\n\n\n\n<li>&#8211; <strong>Avertissement :<\/strong> Si vous bloquez, d\u00e9sactivez ou refusez nos cookies, certaines pages de notre site web ne pourront plus \u00eatre affich\u00e9es correctement ou vous ne pourrez plus utiliser certains services n\u00e9cessitant une connexion.<\/li>\n<\/ul>\n\n\n\n<div style=\"height:16px\" aria-hidden=\"true\" class=\"wp-block-spacer\"><\/div>\n\n\n\n<h3 class=\"wp-block-heading has-lg-font-size\">Mes informations personnelles sont-elles prot\u00e9g\u00e9es ?<\/h3>\n\n\n\n<div style=\"height:16px\" aria-hidden=\"true\" class=\"wp-block-spacer\"><\/div>\n\n\n\n<p>Nous maintenons des mesures de s\u00e9curit\u00e9 physiques et \u00e9lectroniques et des proc\u00e9dures de sauvegarde concernant la collecte, la conservation et la communication des informations personnelles. Nos proc\u00e9dures de s\u00e9curit\u00e9 peuvent nous amener \u00e0 vous demander une preuve de votre identit\u00e9 avant de pouvoir vous communiquer vos informations.<\/p>\n\n\n\n<div style=\"height:16px\" aria-hidden=\"true\" class=\"wp-block-spacer\"><\/div>\n\n\n\n<h3 class=\"wp-block-heading has-lg-font-size\">Liens vers d&rsquo;autres sites web<\/h3>\n\n\n\n<div style=\"height:16px\" aria-hidden=\"true\" class=\"wp-block-spacer\"><\/div>\n\n\n\n<p>Afin de vous permettre d&rsquo;interagir avec d&rsquo;autres sites (tels que Facebook et autres m\u00e9dias sociaux) ou de rejoindre des communaut\u00e9s, nous pouvons fournir des liens ou inclure des applications tierces.<\/p>\n\n\n\n<div style=\"height:16px\" aria-hidden=\"true\" class=\"wp-block-spacer\"><\/div>\n\n\n\n<ul class=\"wp-block-list\">\n<li>L&rsquo;utilisation de ces liens et applications est soumise aux politiques de confidentialit\u00e9 des sites web tiers dont vous devez prendre connaissance.<\/li>\n\n\n\n<li>SMILE ne peut \u00eatre tenu responsable de leurs pratiques de confidentialit\u00e9 ou de leur contenu.<\/li>\n<\/ul>\n\n\n\n<div style=\"height:16px\" aria-hidden=\"true\" class=\"wp-block-spacer\"><\/div>\n\n\n\n<h3 class=\"wp-block-heading has-lg-font-size\">\u00c0 quelles informations puis-je acc\u00e9der ?<\/h3>\n\n\n\n<div style=\"height:16px\" aria-hidden=\"true\" class=\"wp-block-spacer\"><\/div>\n\n\n\n<p>SMILE vous donne acc\u00e8s \u00e0 un large \u00e9ventail d&rsquo;informations que vous avez saisies, \u00e0 savoir :<\/p>\n\n\n\n<ul class=\"wp-block-list\">\n<li>&#8211; Nom<\/li>\n\n\n\n<li>&#8211; Pr\u00e9nom<\/li>\n\n\n\n<li>&#8211; Adresse e-mail<\/li>\n\n\n\n<li>&#8211; Num\u00e9ro de t\u00e9l\u00e9phone<\/li>\n\n\n\n<li>&#8211; R\u00e9gion<\/li>\n\n\n\n<li>&#8211; Pays<\/li>\n\n\n\n<li>&#8211; Soci\u00e9t\u00e9<\/li>\n\n\n\n<li>&#8211; Profession<\/li>\n<\/ul>\n\n\n\n<div style=\"height:16px\" aria-hidden=\"true\" class=\"wp-block-spacer\"><\/div>\n\n\n\n<p>Cet acc\u00e8s est donn\u00e9 uniquement \u00e0 des fins de consultation ou de mise \u00e0 jour.<\/p>\n\n\n\n<div style=\"height:16px\" aria-hidden=\"true\" class=\"wp-block-spacer\"><\/div>\n\n\n\n<h3 class=\"wp-block-heading has-lg-font-size\">Quels sont mes choix et mes droits ?<\/h3>\n\n\n\n<div style=\"height:16px\" aria-hidden=\"true\" class=\"wp-block-spacer\"><\/div>\n\n\n\n<ul class=\"wp-block-list\">\n<li>&#8211; Vous avez toujours la possibilit\u00e9 de ne communiquer aucune information.<\/li>\n\n\n\n<li>&#8211; Conform\u00e9ment aux dispositions en vigueur (RGPD), vous disposez d&rsquo;un <strong>droit d&rsquo;acc\u00e8s, de modification, de rectification et de suppression<\/strong> des informations vous concernant.<\/li>\n\n\n\n<li>&#8211; <strong>Pour faire valoir vos droits :<\/strong> Veuillez adresser votre demande en utilisant le formulaire en ligne ou par courrier \u00e0 <strong>SMILE 163 Quai du Dr. Dervaux, 92600 Asni\u00e8res sur Seine<\/strong>.<\/li>\n\n\n\n<li>&#8211; Si vous ne souhaitez pas recevoir d&rsquo;e-mails ou d&rsquo;autres courriers de notre part, veuillez nous en informer par le formulaire en ligne ou par courrier.<\/li>\n<\/ul>\n\n\n\n<div style=\"height:16px\" aria-hidden=\"true\" class=\"wp-block-spacer\"><\/div>\n\n\n\n<h3 class=\"wp-block-heading\">Pr\u00e9cautions et corrections<\/h3>\n\n\n\n<div style=\"height:16px\" aria-hidden=\"true\" class=\"wp-block-spacer\"><\/div>\n\n\n\n<p>Si vous avez des questions concernant la protection des informations personnelles par ELASTICSUITE.IO, veuillez nous envoyer un message d\u00e9taill\u00e9 par e-mail \u00e0 elasticsuite@smile.fr. Notre politique de protection des donn\u00e9es personnelles \u00e9volue r\u00e9guli\u00e8rement. Nous vous invitons \u00e0 consulter notre site web r\u00e9guli\u00e8rement afin de prendre connaissance des changements les plus r\u00e9cents.<\/p>\n\n\n\n<div style=\"height:16px\" aria-hidden=\"true\" class=\"wp-block-spacer\"><\/div>\n\n\n\n<div style=\"height:16px\" aria-hidden=\"true\" class=\"wp-block-spacer\"><\/div>\n\n\n\n<div style=\"height:16px\" aria-hidden=\"true\" class=\"wp-block-spacer\"><\/div>\n\n\n\n<div style=\"height:16px\" aria-hidden=\"true\" class=\"wp-block-spacer\"><\/div>\n\n\n\n<div style=\"height:32px\" aria-hidden=\"true\" class=\"wp-block-spacer\"><\/div>\n\n\n\n<div style=\"height:16px\" aria-hidden=\"true\" class=\"wp-block-spacer\"><\/div>\n\n\n\n<div style=\"height:32px\" aria-hidden=\"true\" class=\"wp-block-spacer\"><\/div>\n\n\n\n<div style=\"height:16px\" aria-hidden=\"true\" class=\"wp-block-spacer\"><\/div>\n<\/div>\n<\/div>\n","protected":false},"excerpt":{"rendered":"<p>Politique de Confidentialit\u00e9 Le Groupe Smile s&rsquo;engage pleinement \u00e0 prot\u00e9ger votre vie priv\u00e9e et \u00e0 respecter vos d\u00e9cisions. Le Groupe Smile met donc tout en \u0153uvre pour se conformer aux obligations du R\u00e8glement G\u00e9n\u00e9ral sur la Protection des Donn\u00e9es (RGPD). En visitant le site web ELASTICSUITE.IO, vous acceptez qu&rsquo;ELASTICSUITE.IO puisse collecter, traiter et utiliser les &hellip; <a href=\"https:\/\/elasticsuite.io\/fr\/politique-de-confidentialite\/\">Continued<\/a><\/p>\n","protected":false},"author":3,"featured_media":0,"parent":0,"menu_order":200,"comment_status":"closed","ping_status":"closed","template":"","meta":{"footnotes":""},"class_list":["post-647","page","type-page","status-publish","hentry"],"yoast_head":"<!-- This site is optimized with the Yoast SEO plugin v27.0 - https:\/\/yoast.com\/product\/yoast-seo-wordpress\/ -->\n<title>Politique de Confidentialit\u00e9 - Elasticsuite | FR<\/title>\n<meta name=\"robots\" content=\"index, follow, max-snippet:-1, max-image-preview:large, max-video-preview:-1\" \/>\n<link rel=\"canonical\" href=\"https:\/\/elasticsuite.io\/fr\/politique-de-confidentialite\/\" \/>\n<meta property=\"og:locale\" content=\"fr_FR\" \/>\n<meta property=\"og:type\" content=\"article\" \/>\n<meta property=\"og:title\" content=\"Politique de Confidentialit\u00e9 - Elasticsuite | FR\" \/>\n<meta property=\"og:description\" content=\"Politique de Confidentialit\u00e9 Le Groupe Smile s&rsquo;engage pleinement \u00e0 prot\u00e9ger votre vie priv\u00e9e et \u00e0 respecter vos d\u00e9cisions. Le Groupe Smile met donc tout en \u0153uvre pour se conformer aux obligations du R\u00e8glement G\u00e9n\u00e9ral sur la Protection des Donn\u00e9es (RGPD). En visitant le site web ELASTICSUITE.IO, vous acceptez qu&rsquo;ELASTICSUITE.IO puisse collecter, traiter et utiliser les &hellip; Continued\" \/>\n<meta property=\"og:url\" content=\"https:\/\/elasticsuite.io\/fr\/politique-de-confidentialite\/\" \/>\n<meta property=\"og:site_name\" content=\"Elasticsuite | FR\" \/>\n<meta property=\"article:modified_time\" content=\"2025-12-22T10:59:02+00:00\" \/>\n<meta name=\"twitter:card\" content=\"summary_large_image\" \/>\n<meta name=\"twitter:label1\" content=\"Est. reading time\" \/>\n\t<meta name=\"twitter:data1\" content=\"4 minutes\" \/>\n<script type=\"application\/ld+json\" class=\"yoast-schema-graph\">{\"@context\":\"https:\/\/schema.org\",\"@graph\":[{\"@type\":\"WebPage\",\"@id\":\"https:\/\/elasticsuite.io\/fr\/politique-de-confidentialite\/\",\"url\":\"https:\/\/elasticsuite.io\/fr\/politique-de-confidentialite\/\",\"name\":\"Politique de Confidentialit\u00e9 - Elasticsuite | FR\",\"isPartOf\":{\"@id\":\"https:\/\/elasticsuite.io\/fr\/#website\"},\"datePublished\":\"2025-11-19T11:03:41+00:00\",\"dateModified\":\"2025-12-22T10:59:02+00:00\",\"breadcrumb\":{\"@id\":\"https:\/\/elasticsuite.io\/fr\/politique-de-confidentialite\/#breadcrumb\"},\"inLanguage\":\"fr-FR\",\"potentialAction\":[{\"@type\":\"ReadAction\",\"target\":[\"https:\/\/elasticsuite.io\/fr\/politique-de-confidentialite\/\"]}]},{\"@type\":\"BreadcrumbList\",\"@id\":\"https:\/\/elasticsuite.io\/fr\/politique-de-confidentialite\/#breadcrumb\",\"itemListElement\":[{\"@type\":\"ListItem\",\"position\":1,\"name\":\"Home\",\"item\":\"https:\/\/elasticsuite.io\/fr\/\"},{\"@type\":\"ListItem\",\"position\":2,\"name\":\"Politique de Confidentialit\u00e9\"}]},{\"@type\":\"WebSite\",\"@id\":\"https:\/\/elasticsuite.io\/fr\/#website\",\"url\":\"https:\/\/elasticsuite.io\/fr\/\",\"name\":\"Elasticsuite | FR\",\"description\":\"\",\"potentialAction\":[{\"@type\":\"SearchAction\",\"target\":{\"@type\":\"EntryPoint\",\"urlTemplate\":\"https:\/\/elasticsuite.io\/fr\/?s={search_term_string}\"},\"query-input\":{\"@type\":\"PropertyValueSpecification\",\"valueRequired\":true,\"valueName\":\"search_term_string\"}}],\"inLanguage\":\"fr-FR\"}]}<\/script>\n<!-- \/ Yoast SEO plugin. -->","yoast_head_json":{"title":"Politique de Confidentialit\u00e9 - Elasticsuite | FR","robots":{"index":"index","follow":"follow","max-snippet":"max-snippet:-1","max-image-preview":"max-image-preview:large","max-video-preview":"max-video-preview:-1"},"canonical":"https:\/\/elasticsuite.io\/fr\/politique-de-confidentialite\/","og_locale":"fr_FR","og_type":"article","og_title":"Politique de Confidentialit\u00e9 - Elasticsuite | FR","og_description":"Politique de Confidentialit\u00e9 Le Groupe Smile s&rsquo;engage pleinement \u00e0 prot\u00e9ger votre vie priv\u00e9e et \u00e0 respecter vos d\u00e9cisions. Le Groupe Smile met donc tout en \u0153uvre pour se conformer aux obligations du R\u00e8glement G\u00e9n\u00e9ral sur la Protection des Donn\u00e9es (RGPD). En visitant le site web ELASTICSUITE.IO, vous acceptez qu&rsquo;ELASTICSUITE.IO puisse collecter, traiter et utiliser les &hellip; Continued","og_url":"https:\/\/elasticsuite.io\/fr\/politique-de-confidentialite\/","og_site_name":"Elasticsuite | FR","article_modified_time":"2025-12-22T10:59:02+00:00","twitter_card":"summary_large_image","twitter_misc":{"Est. reading time":"4 minutes"},"schema":{"@context":"https:\/\/schema.org","@graph":[{"@type":"WebPage","@id":"https:\/\/elasticsuite.io\/fr\/politique-de-confidentialite\/","url":"https:\/\/elasticsuite.io\/fr\/politique-de-confidentialite\/","name":"Politique de Confidentialit\u00e9 - Elasticsuite | FR","isPartOf":{"@id":"https:\/\/elasticsuite.io\/fr\/#website"},"datePublished":"2025-11-19T11:03:41+00:00","dateModified":"2025-12-22T10:59:02+00:00","breadcrumb":{"@id":"https:\/\/elasticsuite.io\/fr\/politique-de-confidentialite\/#breadcrumb"},"inLanguage":"fr-FR","potentialAction":[{"@type":"ReadAction","target":["https:\/\/elasticsuite.io\/fr\/politique-de-confidentialite\/"]}]},{"@type":"BreadcrumbList","@id":"https:\/\/elasticsuite.io\/fr\/politique-de-confidentialite\/#breadcrumb","itemListElement":[{"@type":"ListItem","position":1,"name":"Home","item":"https:\/\/elasticsuite.io\/fr\/"},{"@type":"ListItem","position":2,"name":"Politique de Confidentialit\u00e9"}]},{"@type":"WebSite","@id":"https:\/\/elasticsuite.io\/fr\/#website","url":"https:\/\/elasticsuite.io\/fr\/","name":"Elasticsuite | FR","description":"","potentialAction":[{"@type":"SearchAction","target":{"@type":"EntryPoint","urlTemplate":"https:\/\/elasticsuite.io\/fr\/?s={search_term_string}"},"query-input":{"@type":"PropertyValueSpecification","valueRequired":true,"valueName":"search_term_string"}}],"inLanguage":"fr-FR"}]}},"_links":{"self":[{"href":"https:\/\/elasticsuite.io\/fr\/wp-json\/wp\/v2\/pages\/647","targetHints":{"allow":["GET"]}}],"collection":[{"href":"https:\/\/elasticsuite.io\/fr\/wp-json\/wp\/v2\/pages"}],"about":[{"href":"https:\/\/elasticsuite.io\/fr\/wp-json\/wp\/v2\/types\/page"}],"author":[{"embeddable":true,"href":"https:\/\/elasticsuite.io\/fr\/wp-json\/wp\/v2\/users\/3"}],"replies":[{"embeddable":true,"href":"https:\/\/elasticsuite.io\/fr\/wp-json\/wp\/v2\/comments?post=647"}],"version-history":[{"count":2,"href":"https:\/\/elasticsuite.io\/fr\/wp-json\/wp\/v2\/pages\/647\/revisions"}],"predecessor-version":[{"id":1830,"href":"https:\/\/elasticsuite.io\/fr\/wp-json\/wp\/v2\/pages\/647\/revisions\/1830"}],"wp:attachment":[{"href":"https:\/\/elasticsuite.io\/fr\/wp-json\/wp\/v2\/media?parent=647"}],"curies":[{"name":"wp","href":"https:\/\/api.w.org\/{rel}","templated":true}]}}